{"id":889,"date":"2019-08-30T12:02:43","date_gmt":"2019-08-30T12:02:43","guid":{"rendered":"https:\/\/the7.io\/hotel\/?page_id=889"},"modified":"2023-07-18T11:33:42","modified_gmt":"2023-07-18T08:33:42","slug":"about","status":"publish","type":"page","link":"https:\/\/www.egedamladeri.com\/tr\/about\/","title":{"rendered":"Hakk\u0131m\u0131zda"},"content":{"rendered":"<p>[vc_row content_placement=&#8221;middle&#8221; bg_type=&#8221;bg_color&#8221; bg_override=&#8221;ex-full&#8221; css=&#8221;.vc_custom_1617568751503{padding-top: 20px !important;padding-bottom: 20px !important;background-color: #040000 !important;}&#8221; bg_color_value=&#8221;#040000&#8243;][vc_column width=&#8221;1\/2&#8243;][vc_single_image image=&#8221;1729&#8243; img_size=&#8221;full&#8221; alignment=&#8221;center&#8221;][\/vc_column][vc_column width=&#8221;1\/2&#8243;]<div id=\"ultimate-heading-169369e4ae4dc9e6c\" class=\"uvc-heading ult-adjust-bottom-margin ultimate-heading-169369e4ae4dc9e6c uvc-3446  uvc-heading-default-font-sizes\" data-hspacer=\"no_spacer\"  data-halign=\"left\" style=\"text-align:left\"><div class=\"uvc-heading-spacer no_spacer\" style=\"top\"><\/div><div class=\"uvc-sub-heading ult-responsive\"  data-ultimate-target='.uvc-heading.ultimate-heading-169369e4ae4dc9e6c .uvc-sub-heading '  data-responsive-json-new='{\"font-size\":\"\",\"line-height\":\"\"}'  style=\"font-weight:normal;\"><\/p>\n<h3><strong><span style=\"color: #ffffff;\">Hikayemiz<\/span><\/strong><\/h3>\n<p><\/div><\/div><div id=\"ultimate-heading-870469e4ae4dc9ed6\" class=\"uvc-heading ult-adjust-bottom-margin ultimate-heading-870469e4ae4dc9ed6 uvc-2445  uvc-heading-default-font-sizes\" data-hspacer=\"no_spacer\"  data-halign=\"left\" style=\"text-align:left\"><div class=\"uvc-heading-spacer no_spacer\" style=\"top\"><\/div><div class=\"uvc-sub-heading ult-responsive\"  data-ultimate-target='.uvc-heading.ultimate-heading-870469e4ae4dc9ed6 .uvc-sub-heading '  data-responsive-json-new='{\"font-size\":\"\",\"line-height\":\"\"}'  style=\"font-weight:normal;\"><span style=\"color: #ffffff;\">30 y\u0131l \u00f6nce ba\u015flad\u0131 ser\u00fcven. Ba\u015flang\u0131\u00e7ta k\u00fc\u00e7\u00fck ad\u0131mlar ama b\u00fcy\u00fck heyecanlar\u2026Ege Damla Deri 1991 y\u0131l\u0131nda Akif ve Ya\u015far K\u00fcplemez karde\u015flerin ortak giri\u015fimi ile kurulmu\u015ftur. Kurumsalla\u015fmaya, teknoloji geli\u015fimine, d\u00fcnya vizyonuna ve inovatif \u00e7al\u0131\u015fmalara \u00f6nem veren Ege Damla Deri, y\u0131llar i\u00e7inde geli\u015fimini devam ettirmi\u015ftir.<\/span><\/p>\n<p><span style=\"color: #ffffff;\">Bug\u00fcn U\u015fak Deri (Karma) Organize Sanayi B\u00f6lgesinde 6.000 metrekarelik entegre \u00fcretim tesisiyle y\u0131ll\u0131k 1.000.000 adet \u00fcretim kapasitesine sahiptir. Egedamla Deri, Avrupa Birli\u011fi standartlar\u0131na uygun olarak \u00e7antal\u0131k, giysilik ve ayakkab\u0131l\u0131k deri \u00fcretimiyle sekt\u00f6r\u00fcn lider \u00fcreticileri aras\u0131nda yerini alm\u0131\u015ft\u0131r.<\/span><\/p>\n<p><span style=\"color: #ffffff;\">\u00dcr\u00fcn kalitesi ve \u00fcretim ko\u015fullar\u0131ndaki uygunluk neticesinde Egedamla, bug\u00fcn d\u00fcnyan\u0131n \u00f6nde gelen markalar\u0131ndan olan Prada, Armani, Gucci, Calvin Klein, Massimo Dutti, Vince ve Theory\u2019nin tedarik\u00e7isi olarak pazardaki de\u011ferini y\u00fckseltmi\u015ftir. \u00dcr\u00fcnleri d\u00fcnya \u00e7ap\u0131nda ilgi g\u00f6ren Egedamla, \u0130talya, Japonya, Kore, Amerika, \u00c7in, Fransa, Kanada ve Rusya gibi 16 farkl\u0131 \u00fclkeye ve 3 k\u0131taya ihracat ger\u00e7ekle\u015ftirmektedir.<\/span><\/p>\n<p><span style=\"color: #ffffff;\">Egedamla Deri, \u00fcretimi U\u015fak\u2019ta, sat\u0131\u015f ve pazarlama a\u011f\u0131 \u0130stanbul\u2019da olan ve d\u00fcnyan\u0131n d\u00f6rt bir yan\u0131nda temsilciliklerini h\u0131zla geli\u015ftiren aktif bir yap\u0131ya sahiptir. Hammadde tedarik zincirinden yar\u0131 mamul \u00fcr\u00fcn olu\u015fumuna kadar her a\u015famada ad\u0131m ad\u0131m s\u00fcre\u00e7 kontrol\u00fc ger\u00e7ekle\u015ftiren Egedamla, inovatif \u00fcr\u00fcn geli\u015ftirme, ilk defas\u0131nda ve her defas\u0131nda kaliteli \u00fcr\u00fcn \u00fcretme, \u00e7evreye duyarl\u0131 yakla\u015f\u0131m\u0131 ve kurumsal yap\u0131s\u0131 ile gelece\u011fe g\u00fcvenle bakmaktad\u0131r. Her yeni g\u00fcnde, 30 y\u0131l\u0131n tecr\u00fcbesiyle harmanlanm\u0131\u015f ilk g\u00fcn\u00fcn heyecan\u0131yla yeni ba\u015far\u0131lara\u2026<\/span><\/div><\/div>[vc_empty_space height=&#8221;50px&#8221;][\/vc_column][\/vc_row][vc_row full_width=&#8221;stretch_row_content_no_spaces&#8221; content_placement=&#8221;middle&#8221; bg_type=&#8221;bg_color&#8221; css=&#8221;.vc_custom_1617568738161{background-color: #ffffff !important;}&#8221; bg_color_value=&#8221;#ffffff&#8221;][vc_column][vc_single_image image=&#8221;2025&#8243; img_size=&#8221;full&#8221; alignment=&#8221;center&#8221;][vc_single_image image=&#8221;1779&#8243; img_size=&#8221;full&#8221; alignment=&#8221;center&#8221;][\/vc_column][\/vc_row][vc_row content_placement=&#8221;middle&#8221; bg_type=&#8221;bg_color&#8221; bg_override=&#8221;ex-full&#8221; css=&#8221;.vc_custom_1608365177767{margin-bottom: -100px !important;padding-top: 50px !important;padding-bottom: 50px !important;background-color: #040000 !important;}&#8221; bg_color_value=&#8221;#040000&#8243;][vc_column width=&#8221;1\/2&#8243;]<div id=\"ultimate-heading-848969e4ae4dc9f05\" class=\"uvc-heading ult-adjust-bottom-margin ultimate-heading-848969e4ae4dc9f05 uvc-9655  uvc-heading-default-font-sizes\" data-hspacer=\"no_spacer\"  data-halign=\"left\" style=\"text-align:left\"><div class=\"uvc-heading-spacer no_spacer\" style=\"top\"><\/div><div class=\"uvc-sub-heading ult-responsive\"  data-ultimate-target='.uvc-heading.ultimate-heading-848969e4ae4dc9f05 .uvc-sub-heading '  data-responsive-json-new='{\"font-size\":\"\",\"line-height\":\"\"}'  style=\"font-weight:normal;\"><\/p>\n<h3><em><strong><span style=\"color: #ffffff;\">Vizyonumuz<\/span><\/strong><\/em><\/h3>\n<p><\/div><\/div>[vc_column_text]<span style=\"color: #ffffff;\">2025 y\u0131l\u0131na kadar T\u00fcrkiye\u2019nin en iyi ve d\u00fcnyan\u0131n en ba\u015far\u0131l\u0131 10 k\u00fc\u00e7\u00fckba\u015f deri \u00fcreticisinden biri olmak.<br \/>\n<\/span>[\/vc_column_text]<div id=\"ultimate-heading-512869e4ae4dc9f2c\" class=\"uvc-heading ult-adjust-bottom-margin ultimate-heading-512869e4ae4dc9f2c uvc-7063  uvc-heading-default-font-sizes\" data-hspacer=\"no_spacer\"  data-halign=\"left\" style=\"text-align:left\"><div class=\"uvc-heading-spacer no_spacer\" style=\"top\"><\/div><div class=\"uvc-sub-heading ult-responsive\"  data-ultimate-target='.uvc-heading.ultimate-heading-512869e4ae4dc9f2c .uvc-sub-heading '  data-responsive-json-new='{\"font-size\":\"\",\"line-height\":\"\"}'  style=\"font-weight:normal;\"><\/p>\n<h3><em><strong><span style=\"color: #ffffff;\">Misyonumuz<\/span><\/strong><\/em><\/h3>\n<p><\/div><\/div>[vc_column_text]<span style=\"color: #ffffff;\">D\u00fcnya deri sekt\u00f6r\u00fcndeki de\u011fi\u015fim, d\u00f6n\u00fc\u015f\u00fcm ve moday\u0131 takip edip, s\u00fcrekli katma de\u011fer olu\u015fturarak payda\u015flar\u0131m\u0131z\u0131n refah seviyesini y\u00fckseltmek.<\/span>[\/vc_column_text][\/vc_column][vc_column width=&#8221;1\/2&#8243;]<div id=\"ultimate-heading-718269e4ae4dc9f52\" class=\"uvc-heading ult-adjust-bottom-margin ultimate-heading-718269e4ae4dc9f52 uvc-9719  uvc-heading-default-font-sizes\" data-hspacer=\"no_spacer\"  data-halign=\"left\" style=\"text-align:left\"><div class=\"uvc-heading-spacer no_spacer\" style=\"top\"><\/div><div class=\"uvc-sub-heading ult-responsive\"  data-ultimate-target='.uvc-heading.ultimate-heading-718269e4ae4dc9f52 .uvc-sub-heading '  data-responsive-json-new='{\"font-size\":\"\",\"line-height\":\"\"}'  style=\"font-weight:normal;\"><\/p>\n<h3><em><strong><span style=\"color: #ffffff;\">De\u011ferlerimiz<\/span><\/strong><\/em><\/h3>\n<p><\/div><\/div>[vc_column_text]<span style=\"color: #ffffff;\">G\u00fcven duyulan, insan merkezli ve insana yat\u0131r\u0131m yapan, \u00e7al\u0131\u015fkan, yenilik\u00e7i, \u00e7evreye duyarl\u0131l\u0131k firmam\u0131z\u0131n de\u011ferlerini olu\u015fturur.<\/span>[\/vc_column_text]<div id=\"ultimate-heading-557569e4ae4dc9f76\" class=\"uvc-heading ult-adjust-bottom-margin ultimate-heading-557569e4ae4dc9f76 uvc-219  uvc-heading-default-font-sizes\" data-hspacer=\"no_spacer\"  data-halign=\"left\" style=\"text-align:left\"><div class=\"uvc-heading-spacer no_spacer\" style=\"top\"><\/div><div class=\"uvc-sub-heading ult-responsive\"  data-ultimate-target='.uvc-heading.ultimate-heading-557569e4ae4dc9f76 .uvc-sub-heading '  data-responsive-json-new='{\"font-size\":\"\",\"line-height\":\"\"}'  style=\"font-weight:normal;\"><\/p>\n<h3><em><strong><span style=\"color: #ffffff;\">\u00c7evre<\/span><\/strong><\/em><\/h3>\n<p><\/div><\/div>[vc_column_text]<span style=\"color: #ffffff;\">Deri, et t\u00fcketti\u011fimiz s\u00fcrece insan hayat\u0131n\u0131n ka\u00e7\u0131n\u0131lmaz bir yan \u00fcr\u00fcn\u00fc olacakt\u0131r. Ayn\u0131 \u015fekilde, \u00e7evresel sorumluluk ve etki azalt\u0131c\u0131 \u00fcretim teknolojilerindeki s\u00fcrekli geli\u015fme, Egedamla Deri\u2019nin ilkelerinin \u00f6nemli bir par\u00e7as\u0131 olacakt\u0131r.<br \/>\n<\/span>[\/vc_column_text][\/vc_column][\/vc_row]<\/p>","protected":false},"excerpt":{"rendered":"<p>[vc_row content_placement=&#8221;middle&#8221; bg_type=&#8221;bg_color&#8221; bg_override=&#8221;ex-full&#8221; css=&#8221;.vc_custom_1617568751503{padding-top: 20px !important;padding-bottom: 20px !important;background-color: #040000 !important;}&#8221; bg_color_value=&#8221;#040000&#8243;][vc_column width=&#8221;1\/2&#8243;][vc_single_image image=&#8221;1729&#8243; img_size=&#8221;full&#8221; alignment=&#8221;center&#8221;][\/vc_column][vc_column width=&#8221;1\/2&#8243;][vc_empty_space height=&#8221;50px&#8221;][\/vc_column][\/vc_row][vc_row full_width=&#8221;stretch_row_content_no_spaces&#8221; content_placement=&#8221;middle&#8221; bg_type=&#8221;bg_color&#8221; css=&#8221;.vc_custom_1617568738161{background-color: #ffffff !important;}&#8221; bg_color_value=&#8221;#ffffff&#8221;][vc_column][vc_single_image image=&#8221;2025&#8243; img_size=&#8221;full&#8221; alignment=&#8221;center&#8221;][vc_single_image image=&#8221;1779&#8243; img_size=&#8221;full&#8221; alignment=&#8221;center&#8221;][\/vc_column][\/vc_row][vc_row content_placement=&#8221;middle&#8221; bg_type=&#8221;bg_color&#8221; bg_override=&#8221;ex-full&#8221; css=&#8221;.vc_custom_1608365177767{margin-bottom: -100px !important;padding-top: 50px !important;padding-bottom: 50px !important;background-color: #040000 !important;}&#8221; bg_color_value=&#8221;#040000&#8243;][vc_column width=&#8221;1\/2&#8243;][vc_column_text]2025 y\u0131l\u0131na kadar T\u00fcrkiye\u2019nin en iyi ve d\u00fcnyan\u0131n en ba\u015far\u0131l\u0131 10&hellip;<\/p>\n","protected":false},"author":1,"featured_media":0,"parent":0,"menu_order":0,"comment_status":"closed","ping_status":"closed","template":"","meta":[],"class_list":["post-889","page","type-page","status-publish","hentry","description-off"],"_links":{"self":[{"href":"https:\/\/www.egedamladeri.com\/tr\/wp-json\/wp\/v2\/pages\/889","targetHints":{"allow":["GET"]}}],"collection":[{"href":"https:\/\/www.egedamladeri.com\/tr\/wp-json\/wp\/v2\/pages"}],"about":[{"href":"https:\/\/www.egedamladeri.com\/tr\/wp-json\/wp\/v2\/types\/page"}],"author":[{"embeddable":true,"href":"https:\/\/www.egedamladeri.com\/tr\/wp-json\/wp\/v2\/users\/1"}],"replies":[{"embeddable":true,"href":"https:\/\/www.egedamladeri.com\/tr\/wp-json\/wp\/v2\/comments?post=889"}],"version-history":[{"count":85,"href":"https:\/\/www.egedamladeri.com\/tr\/wp-json\/wp\/v2\/pages\/889\/revisions"}],"predecessor-version":[{"id":2026,"href":"https:\/\/www.egedamladeri.com\/tr\/wp-json\/wp\/v2\/pages\/889\/revisions\/2026"}],"wp:attachment":[{"href":"https:\/\/www.egedamladeri.com\/tr\/wp-json\/wp\/v2\/media?parent=889"}],"curies":[{"name":"wp","href":"https:\/\/api.w.org\/{rel}","templated":true}]}}